{"id":2921,"date":"2023-07-15T18:17:16","date_gmt":"2023-07-15T18:17:16","guid":{"rendered":"https:\/\/docteurs-chez-vous.fr\/?page_id=2921"},"modified":"2023-07-19T17:07:06","modified_gmt":"2023-07-19T17:07:06","slug":"service-et-prestation","status":"publish","type":"page","link":"https:\/\/docteurs-chez-vous.fr\/ar\/service-et-prestation\/","title":{"rendered":"Service Et Prestation"},"content":{"rendered":"<div data-elementor-type=\"wp-page\" data-elementor-id=\"2921\" class=\"elementor elementor-2921\">\n\t\t\t\t\t\t<section class=\"elementor-section elementor-top-section elementor-element elementor-element-91335b9 elementor-section-content-middle elementor-hidden-tablet elementor-section-boxed elementor-section-height-default elementor-section-height-default\" data-id=\"91335b9\" data-element_type=\"section\" data-e-type=\"section\">\n\t\t\t\t\t\t<div class=\"elementor-container elementor-column-gap-default\">\n\t\t\t\t\t<div class=\"elementor-column elementor-col-50 elementor-top-column elementor-element elementor-element-46e6e25\" data-id=\"46e6e25\" data-element_type=\"column\" data-e-type=\"column\">\n\t\t\t<div class=\"elementor-widget-wrap elementor-element-populated\">\n\t\t\t\t\t\t<div class=\"elementor-element elementor-element-41f14aca elementor-widget elementor-widget-image\" data-id=\"41f14aca\" data-element_type=\"widget\" data-e-type=\"widget\" data-widget_type=\"image.default\">\n\t\t\t\t<div class=\"elementor-widget-container\">\n\t\t\t\t\t\t\t\t\t\t\t\t\t\t\t<img fetchpriority=\"high\" decoding=\"async\" width=\"780\" height=\"400\" src=\"https:\/\/docteurs-chez-vous.fr\/wp-content\/uploads\/2023\/07\/service-et-prestation-0.jpg\" class=\"attachment-large size-large wp-image-3042\" alt=\"\" srcset=\"https:\/\/docteurs-chez-vous.fr\/wp-content\/uploads\/2023\/07\/service-et-prestation-0.jpg 780w, https:\/\/docteurs-chez-vous.fr\/wp-content\/uploads\/2023\/07\/service-et-prestation-0-300x154.jpg 300w, https:\/\/docteurs-chez-vous.fr\/wp-content\/uploads\/2023\/07\/service-et-prestation-0-768x394.jpg 768w, https:\/\/docteurs-chez-vous.fr\/wp-content\/uploads\/2023\/07\/service-et-prestation-0-18x9.jpg 18w\" sizes=\"(max-width: 780px) 100vw, 780px\" \/>\t\t\t\t\t\t\t\t\t\t\t\t\t\t\t<\/div>\n\t\t\t\t<\/div>\n\t\t\t\t\t<\/div>\n\t\t<\/div>\n\t\t\t\t<div class=\"elementor-column elementor-col-50 elementor-top-column elementor-element elementor-element-4448fd48\" data-id=\"4448fd48\" data-element_type=\"column\" data-e-type=\"column\">\n\t\t\t<div class=\"elementor-widget-wrap elementor-element-populated\">\n\t\t\t\t\t\t<div class=\"elementor-element elementor-element-27a0bd52 elementor-hidden-mobile elementor-widget elementor-widget-heading\" data-id=\"27a0bd52\" data-element_type=\"widget\" data-e-type=\"widget\" data-widget_type=\"heading.default\">\n\t\t\t\t<div class=\"elementor-widget-container\">\n\t\t\t\t\t<h1 class=\"elementor-heading-title elementor-size-large\">\u0627\u0644\u062e\u062f\u0645\u0627\u062a \u0627\u0644\u0637\u0628\u064a\u0629 \u0641\u064a \u0627\u0644\u0645\u0646\u0632\u0644<\/h1>\t\t\t\t<\/div>\n\t\t\t\t<\/div>\n\t\t\t\t<div class=\"elementor-element elementor-element-5542fba9 elementor-hidden-desktop elementor-hidden-tablet elementor-widget elementor-widget-heading\" data-id=\"5542fba9\" data-element_type=\"widget\" data-e-type=\"widget\" data-widget_type=\"heading.default\">\n\t\t\t\t<div class=\"elementor-widget-container\">\n\t\t\t\t\t<h1 class=\"elementor-heading-title elementor-size-large\">\u0627\u0644\u062e\u062f\u0645\u0627\u062a \u0627\u0644\u0637\u0628\u064a\u0629 \u0641\u064a \u0627\u0644\u0645\u0646\u0632\u0644<\/h1>\t\t\t\t<\/div>\n\t\t\t\t<\/div>\n\t\t\t\t<div class=\"elementor-element elementor-element-293ea0a5 elementor-widget-divider--view-line elementor-widget elementor-widget-divider\" data-id=\"293ea0a5\" data-element_type=\"widget\" data-e-type=\"widget\" data-widget_type=\"divider.default\">\n\t\t\t\t<div class=\"elementor-widget-container\">\n\t\t\t\t\t\t\t<div class=\"elementor-divider\">\n\t\t\t<span class=\"elementor-divider-separator\">\n\t\t\t\t\t\t<\/span>\n\t\t<\/div>\n\t\t\t\t\t\t<\/div>\n\t\t\t\t<\/div>\n\t\t\t\t<div class=\"elementor-element elementor-element-271b1ddb elementor-widget elementor-widget-text-editor\" data-id=\"271b1ddb\" data-element_type=\"widget\" data-e-type=\"widget\" data-widget_type=\"text-editor.default\">\n\t\t\t\t<div class=\"elementor-widget-container\">\n\t\t\t\t\t\t\t\t\t<p>\u2022 Echographie <br \/>\u2022 ECG<br \/>\u2022 Holter ECG<br \/>\u2022 MAPA<br \/>\u2022 Bouteille d\u2019oxyg\u00e8ne <br \/>\u2022 Location extracteur d\u2019oxyg\u00e8ne <br \/>\u2022 Location lit Electric<br \/>\u2022 Moniteur de surveillance<br \/>\u2022 R\u00e9\u00e9ducation et massage a domicile <br \/>\u2022 Visite de psychologue <\/p>\t\t\t\t\t\t\t\t<\/div>\n\t\t\t\t<\/div>\n\t\t\t\t\t<\/div>\n\t\t<\/div>\n\t\t\t\t\t<\/div>\n\t\t<\/section>\n\t\t\t\t<section class=\"elementor-section elementor-top-section elementor-element elementor-element-2a6a97d8 elementor-hidden-desktop elementor-hidden-mobile elementor-section-boxed elementor-section-height-default elementor-section-height-default\" data-id=\"2a6a97d8\" data-element_type=\"section\" data-e-type=\"section\">\n\t\t\t\t\t\t<div class=\"elementor-container elementor-column-gap-default\">\n\t\t\t\t\t<div class=\"elementor-column elementor-col-50 elementor-top-column elementor-element elementor-element-b75440c\" data-id=\"b75440c\" data-element_type=\"column\" data-e-type=\"column\">\n\t\t\t<div class=\"elementor-widget-wrap elementor-element-populated\">\n\t\t\t\t\t\t<div class=\"elementor-element elementor-element-4ed590d elementor-hidden-mobile elementor-widget elementor-widget-heading\" data-id=\"4ed590d\" data-element_type=\"widget\" data-e-type=\"widget\" data-widget_type=\"heading.default\">\n\t\t\t\t<div class=\"elementor-widget-container\">\n\t\t\t\t\t<h1 class=\"elementor-heading-title elementor-size-large\">\u0627\u0644\u062e\u062f\u0645\u0627\u062a \u0627\u0644\u0637\u0628\u064a\u0629 \u0641\u064a \u0627\u0644\u0645\u0646\u0632\u0644<\/h1>\t\t\t\t<\/div>\n\t\t\t\t<\/div>\n\t\t\t\t<div class=\"elementor-element elementor-element-68a0f698 elementor-widget-divider--view-line elementor-widget elementor-widget-divider\" data-id=\"68a0f698\" data-element_type=\"widget\" data-e-type=\"widget\" data-widget_type=\"divider.default\">\n\t\t\t\t<div class=\"elementor-widget-container\">\n\t\t\t\t\t\t\t<div class=\"elementor-divider\">\n\t\t\t<span class=\"elementor-divider-separator\">\n\t\t\t\t\t\t<\/span>\n\t\t<\/div>\n\t\t\t\t\t\t<\/div>\n\t\t\t\t<\/div>\n\t\t\t\t<div class=\"elementor-element elementor-element-2c58e3bf elementor-widget elementor-widget-text-editor\" data-id=\"2c58e3bf\" data-element_type=\"widget\" data-e-type=\"widget\" data-widget_type=\"text-editor.default\">\n\t\t\t\t<div class=\"elementor-widget-container\">\n\t\t\t\t\t\t\t\t\t<p class=\"translation-block\">\u2022 \u062c\u0647\u0627\u0632 \u0627\u0644\u0646\u0638\u0631 \u0627\u0644\u062f\u0627\u062e\u0644\u064a \u0644\u0644\u062c\u0633\u062f \u0644\u0644\u0623\u0645\u0648\u0627\u062c \u0627\u0644\u0635\u0648\u062a\u064a\u0629 ( \u0627\u0643\u0648\u0642\u0631\u0627\u0641) <br>\n\u2022 \u062c\u0647\u0627\u0632 \u0642\u064a\u0627\u0633 \u0646\u0628\u0636\u0627\u062a \u0627\u0644\u0642\u0644\u0628 \u0623\u064a \u0633\u064a \u062c\u064a <br>\n\u2022 \u062c\u0647\u0627\u0632 \u0642\u064a\u0627\u0633 \u0627\u0644\u0636\u063a\u0637 \u0627\u0644\u062f\u0645\u0648\u064a \u0644\u0645\u062f\u0629 24\u0633\u0627\u0639\u0629  <br>\n\u2022 \u062f\u0639\u0645 \u0627\u0644\u0645\u0631\u064a\u0636 \u0628 \u0627\u0644\u0627\u0643\u0633\u064a\u062c\u064a\u0646 <br>\n\u2022 \u0643\u0631\u0627\u0621 \u0627\u0644\u0633\u0631\u064a\u0631 \u0627\u0644\u0643\u0647\u0631\u0628\u0627\u0626\u064a \u0627\u0644\u062e\u0627\u0635 \u0628\u0627\u0644\u0627\u0633\u062a\u0634\u0641\u0627\u0621 <br>\n\u2022 \u0643\u0631\u0627\u0621 \u062c\u0647\u0627\u0632 \u0627\u0644\u0627\u0643\u0633\u062c\u064a\u0646 <br>\n\u2022 \u062c\u0647\u0627\u0632 \u062a\u062a\u0628\u0639 \u062d\u0627\u0644\u0629 \u0627\u0644\u0645\u0631\u064a\u0636 \u0648\u0627\u0644\u062a\u0637\u0648\u0631\u0627\u062a \u0627\u0644\u0635\u062d\u064a\u0629 <br>\n\u2022 \u0627\u0644\u062a\u062f\u0644\u064a\u0643 \u0641\u064a \u0627\u0644\u0645\u0646\u0632\u0644 <br>\n\u2022 \u0641\u062d\u0635 \u0627\u062e\u0635\u0627\u0626\u064a \u0646\u0641\u0633\u0627\u0646\u064a<br><\/p>\t\t\t\t\t\t\t\t<\/div>\n\t\t\t\t<\/div>\n\t\t\t\t\t<\/div>\n\t\t<\/div>\n\t\t\t\t<div class=\"elementor-column elementor-col-50 elementor-top-column elementor-element elementor-element-5bd831b0\" data-id=\"5bd831b0\" data-element_type=\"column\" data-e-type=\"column\">\n\t\t\t<div class=\"elementor-widget-wrap elementor-element-populated\">\n\t\t\t\t\t\t<div class=\"elementor-element elementor-element-28af4498 elementor-widget elementor-widget-image\" data-id=\"28af4498\" data-element_type=\"widget\" data-e-type=\"widget\" data-widget_type=\"image.default\">\n\t\t\t\t<div class=\"elementor-widget-container\">\n\t\t\t\t\t\t\t\t\t\t\t\t\t\t\t<img fetchpriority=\"high\" decoding=\"async\" width=\"780\" height=\"400\" src=\"https:\/\/docteurs-chez-vous.fr\/wp-content\/uploads\/2023\/07\/service-et-prestation-0.jpg\" class=\"attachment-large size-large wp-image-3042\" alt=\"\" srcset=\"https:\/\/docteurs-chez-vous.fr\/wp-content\/uploads\/2023\/07\/service-et-prestation-0.jpg 780w, https:\/\/docteurs-chez-vous.fr\/wp-content\/uploads\/2023\/07\/service-et-prestation-0-300x154.jpg 300w, https:\/\/docteurs-chez-vous.fr\/wp-content\/uploads\/2023\/07\/service-et-prestation-0-768x394.jpg 768w, https:\/\/docteurs-chez-vous.fr\/wp-content\/uploads\/2023\/07\/service-et-prestation-0-18x9.jpg 18w\" sizes=\"(max-width: 780px) 100vw, 780px\" \/>\t\t\t\t\t\t\t\t\t\t\t\t\t\t\t<\/div>\n\t\t\t\t<\/div>\n\t\t\t\t\t<\/div>\n\t\t<\/div>\n\t\t\t\t\t<\/div>\n\t\t<\/section>\n\t\t\t\t<\/div>","protected":false},"excerpt":{"rendered":"<p>Service Et Prestation M\u00e9dicale \u00c0 Domicile Service Et Prestation M\u00e9dicale \u00c0 Domicile \u2022 Echographie \u2022 ECG\u2022 Holter ECG\u2022 MAPA\u2022 Bouteille d\u2019oxyg\u00e8ne \u2022 Location extracteur d\u2019oxyg\u00e8ne \u2022 Location lit Electric\u2022 Moniteur de surveillance\u2022 R\u00e9\u00e9ducation et massage a domicile \u2022 Visite de psychologue Service Et Prestation M\u00e9dicale \u00c0 Domicile \u2022 Echographie \u2022 ECG\u2022 Holter ECG\u2022 MAPA\u2022 Bouteille [&hellip;]<\/p>\n","protected":false},"author":5,"featured_media":0,"parent":0,"menu_order":0,"comment_status":"closed","ping_status":"closed","template":"","meta":{"ocean_post_layout":"","ocean_both_sidebars_style":"","ocean_both_sidebars_content_width":0,"ocean_both_sidebars_sidebars_width":0,"ocean_sidebar":"0","ocean_second_sidebar":"0","ocean_disable_margins":"enable","ocean_add_body_class":"","ocean_shortcode_before_top_bar":"","ocean_shortcode_after_top_bar":"","ocean_shortcode_before_header":"","ocean_shortcode_after_header":"","ocean_has_shortcode":"","ocean_shortcode_after_title":"","ocean_shortcode_before_footer_widgets":"","ocean_shortcode_after_footer_widgets":"","ocean_shortcode_before_footer_bottom":"","ocean_shortcode_after_footer_bottom":"","ocean_display_top_bar":"default","ocean_display_header":"default","ocean_header_style":"","ocean_center_header_left_menu":"0","ocean_custom_header_template":"0","ocean_custom_logo":0,"ocean_custom_retina_logo":0,"ocean_custom_logo_max_width":0,"ocean_custom_logo_tablet_max_width":0,"ocean_custom_logo_mobile_max_width":0,"ocean_custom_logo_max_height":0,"ocean_custom_logo_tablet_max_height":0,"ocean_custom_logo_mobile_max_height":0,"ocean_header_custom_menu":"0","ocean_menu_typo_font_family":"0","ocean_menu_typo_font_subset":"","ocean_menu_typo_font_size":0,"ocean_menu_typo_font_size_tablet":0,"ocean_menu_typo_font_size_mobile":0,"ocean_menu_typo_font_size_unit":"px","ocean_menu_typo_font_weight":"","ocean_menu_typo_font_weight_tablet":"","ocean_menu_typo_font_weight_mobile":"","ocean_menu_typo_transform":"","ocean_menu_typo_transform_tablet":"","ocean_menu_typo_transform_mobile":"","ocean_menu_typo_line_height":0,"ocean_menu_typo_line_height_tablet":0,"ocean_menu_typo_line_height_mobile":0,"ocean_menu_typo_line_height_unit":"","ocean_menu_typo_spacing":0,"ocean_menu_typo_spacing_tablet":0,"ocean_menu_typo_spacing_mobile":0,"ocean_menu_typo_spacing_unit":"","ocean_menu_link_color":"","ocean_menu_link_color_hover":"","ocean_menu_link_color_active":"","ocean_menu_link_background":"","ocean_menu_link_hover_background":"","ocean_menu_link_active_background":"","ocean_menu_social_links_bg":"","ocean_menu_social_hover_links_bg":"","ocean_menu_social_links_color":"","ocean_menu_social_hover_links_color":"","ocean_disable_title":"default","ocean_disable_heading":"default","ocean_post_title":"","ocean_post_subheading":"","ocean_post_title_style":"","ocean_post_title_background_color":"","ocean_post_title_background":0,"ocean_post_title_bg_image_position":"","ocean_post_title_bg_image_attachment":"","ocean_post_title_bg_image_repeat":"","ocean_post_title_bg_image_size":"","ocean_post_title_height":0,"ocean_post_title_bg_overlay":0.5,"ocean_post_title_bg_overlay_color":"","ocean_disable_breadcrumbs":"default","ocean_breadcrumbs_color":"","ocean_breadcrumbs_separator_color":"","ocean_breadcrumbs_links_color":"","ocean_breadcrumbs_links_hover_color":"","ocean_display_footer_widgets":"default","ocean_display_footer_bottom":"default","ocean_custom_footer_template":"0","footnotes":""},"class_list":["post-2921","page","type-page","status-publish","hentry","entry"],"yoast_head":"<!-- This site is optimized with the Yoast SEO plugin v27.6 - https:\/\/yoast.com\/product\/yoast-seo-wordpress\/ -->\n<title>Service Et Prestation - Docteur Chez Vous<\/title>\n<meta name=\"robots\" content=\"index, follow, max-snippet:-1, max-image-preview:large, max-video-preview:-1\" \/>\n<link rel=\"canonical\" href=\"https:\/\/docteurs-chez-vous.fr\/ar\/service-et-prestation\/\" \/>\n<meta property=\"og:locale\" content=\"ar_AR\" \/>\n<meta property=\"og:type\" content=\"article\" \/>\n<meta property=\"og:title\" content=\"Service Et Prestation - Docteur Chez Vous\" \/>\n<meta property=\"og:description\" content=\"Service Et Prestation M\u00e9dicale \u00c0 Domicile Service Et Prestation M\u00e9dicale \u00c0 Domicile \u2022 Echographie \u2022 ECG\u2022 Holter ECG\u2022 MAPA\u2022 Bouteille d\u2019oxyg\u00e8ne \u2022 Location extracteur d\u2019oxyg\u00e8ne \u2022 Location lit Electric\u2022 Moniteur de surveillance\u2022 R\u00e9\u00e9ducation et massage a domicile \u2022 Visite de psychologue Service Et Prestation M\u00e9dicale \u00c0 Domicile \u2022 Echographie \u2022 ECG\u2022 Holter ECG\u2022 MAPA\u2022 Bouteille [&hellip;]\" \/>\n<meta property=\"og:url\" content=\"https:\/\/docteurs-chez-vous.fr\/ar\/service-et-prestation\/\" \/>\n<meta property=\"og:site_name\" content=\"Docteur Chez Vous\" \/>\n<meta property=\"article:publisher\" content=\"https:\/\/web.facebook.com\/profile.php?id=100094756028605\" \/>\n<meta property=\"article:modified_time\" content=\"2023-07-19T17:07:06+00:00\" \/>\n<meta property=\"og:image\" content=\"https:\/\/docteurs-chez-vous.fr\/wp-content\/uploads\/2023\/07\/service-et-prestation-0.jpg\" \/>\n<meta name=\"twitter:card\" content=\"summary_large_image\" \/>\n<meta name=\"twitter:label1\" content=\"\u0648\u0642\u062a \u0627\u0644\u0642\u0631\u0627\u0621\u0629 \u0627\u0644\u0645\u064f\u0642\u062f\u0651\u0631\" \/>\n\t<meta name=\"twitter:data1\" content=\"\u062f\u0642\u064a\u0642\u0629 \u0648\u0627\u062d\u062f\u0629\" \/>\n<script type=\"application\/ld+json\" class=\"yoast-schema-graph\">{\"@context\":\"https:\\\/\\\/schema.org\",\"@graph\":[{\"@type\":\"WebPage\",\"@id\":\"https:\\\/\\\/docteurs-chez-vous.fr\\\/service-et-prestation\\\/\",\"url\":\"https:\\\/\\\/docteurs-chez-vous.fr\\\/service-et-prestation\\\/\",\"name\":\"Service Et Prestation - Docteur Chez Vous\",\"isPartOf\":{\"@id\":\"https:\\\/\\\/docteurs-chez-vous.fr\\\/#website\"},\"primaryImageOfPage\":{\"@id\":\"https:\\\/\\\/docteurs-chez-vous.fr\\\/service-et-prestation\\\/#primaryimage\"},\"image\":{\"@id\":\"https:\\\/\\\/docteurs-chez-vous.fr\\\/service-et-prestation\\\/#primaryimage\"},\"thumbnailUrl\":\"https:\\\/\\\/docteurs-chez-vous.fr\\\/wp-content\\\/uploads\\\/2023\\\/07\\\/service-et-prestation-0.jpg\",\"datePublished\":\"2023-07-15T18:17:16+00:00\",\"dateModified\":\"2023-07-19T17:07:06+00:00\",\"breadcrumb\":{\"@id\":\"https:\\\/\\\/docteurs-chez-vous.fr\\\/service-et-prestation\\\/#breadcrumb\"},\"inLanguage\":\"ar\",\"potentialAction\":[{\"@type\":\"ReadAction\",\"target\":[\"https:\\\/\\\/docteurs-chez-vous.fr\\\/service-et-prestation\\\/\"]}]},{\"@type\":\"ImageObject\",\"inLanguage\":\"ar\",\"@id\":\"https:\\\/\\\/docteurs-chez-vous.fr\\\/service-et-prestation\\\/#primaryimage\",\"url\":\"https:\\\/\\\/docteurs-chez-vous.fr\\\/wp-content\\\/uploads\\\/2023\\\/07\\\/service-et-prestation-0.jpg\",\"contentUrl\":\"https:\\\/\\\/docteurs-chez-vous.fr\\\/wp-content\\\/uploads\\\/2023\\\/07\\\/service-et-prestation-0.jpg\"},{\"@type\":\"BreadcrumbList\",\"@id\":\"https:\\\/\\\/docteurs-chez-vous.fr\\\/service-et-prestation\\\/#breadcrumb\",\"itemListElement\":[{\"@type\":\"ListItem\",\"position\":1,\"name\":\"Home\",\"item\":\"https:\\\/\\\/docteurs-chez-vous.fr\\\/\"},{\"@type\":\"ListItem\",\"position\":2,\"name\":\"Service Et Prestation\"}]},{\"@type\":\"WebSite\",\"@id\":\"https:\\\/\\\/docteurs-chez-vous.fr\\\/#website\",\"url\":\"https:\\\/\\\/docteurs-chez-vous.fr\\\/\",\"name\":\"Docteur Chez Vous\",\"description\":\"\",\"publisher\":{\"@id\":\"https:\\\/\\\/docteurs-chez-vous.fr\\\/#organization\"},\"alternateName\":\"Docteur Chez Vous\",\"potentialAction\":[{\"@type\":\"SearchAction\",\"target\":{\"@type\":\"EntryPoint\",\"urlTemplate\":\"https:\\\/\\\/docteurs-chez-vous.fr\\\/?s={search_term_string}\"},\"query-input\":{\"@type\":\"PropertyValueSpecification\",\"valueRequired\":true,\"valueName\":\"search_term_string\"}}],\"inLanguage\":\"ar\"},{\"@type\":\"Organization\",\"@id\":\"https:\\\/\\\/docteurs-chez-vous.fr\\\/#organization\",\"name\":\"Docteur Chez Vous\",\"alternateName\":\"Docteur Chez Vous\",\"url\":\"https:\\\/\\\/docteurs-chez-vous.fr\\\/\",\"logo\":{\"@type\":\"ImageObject\",\"inLanguage\":\"ar\",\"@id\":\"https:\\\/\\\/docteurs-chez-vous.fr\\\/#\\\/schema\\\/logo\\\/image\\\/\",\"url\":\"https:\\\/\\\/docteurs-chez-vous.fr\\\/wp-content\\\/uploads\\\/2023\\\/07\\\/logo.png\",\"contentUrl\":\"https:\\\/\\\/docteurs-chez-vous.fr\\\/wp-content\\\/uploads\\\/2023\\\/07\\\/logo.png\",\"width\":1600,\"height\":1600,\"caption\":\"Docteur Chez Vous\"},\"image\":{\"@id\":\"https:\\\/\\\/docteurs-chez-vous.fr\\\/#\\\/schema\\\/logo\\\/image\\\/\"},\"sameAs\":[\"https:\\\/\\\/web.facebook.com\\\/profile.php?id=100094756028605\"]}]}<\/script>\n<!-- \/ Yoast SEO plugin. -->","yoast_head_json":{"title":"Service Et Prestation - Docteur Chez Vous","robots":{"index":"index","follow":"follow","max-snippet":"max-snippet:-1","max-image-preview":"max-image-preview:large","max-video-preview":"max-video-preview:-1"},"canonical":"https:\/\/docteurs-chez-vous.fr\/ar\/service-et-prestation\/","og_locale":"ar_AR","og_type":"article","og_title":"Service Et Prestation - Docteur Chez Vous","og_description":"Service Et Prestation M\u00e9dicale \u00c0 Domicile Service Et Prestation M\u00e9dicale \u00c0 Domicile \u2022 Echographie \u2022 ECG\u2022 Holter ECG\u2022 MAPA\u2022 Bouteille d\u2019oxyg\u00e8ne \u2022 Location extracteur d\u2019oxyg\u00e8ne \u2022 Location lit Electric\u2022 Moniteur de surveillance\u2022 R\u00e9\u00e9ducation et massage a domicile \u2022 Visite de psychologue Service Et Prestation M\u00e9dicale \u00c0 Domicile \u2022 Echographie \u2022 ECG\u2022 Holter ECG\u2022 MAPA\u2022 Bouteille [&hellip;]","og_url":"https:\/\/docteurs-chez-vous.fr\/ar\/service-et-prestation\/","og_site_name":"Docteur Chez Vous","article_publisher":"https:\/\/web.facebook.com\/profile.php?id=100094756028605","article_modified_time":"2023-07-19T17:07:06+00:00","og_image":[{"url":"https:\/\/docteurs-chez-vous.fr\/wp-content\/uploads\/2023\/07\/service-et-prestation-0.jpg","type":"","width":"","height":""}],"twitter_card":"summary_large_image","twitter_misc":{"\u0648\u0642\u062a \u0627\u0644\u0642\u0631\u0627\u0621\u0629 \u0627\u0644\u0645\u064f\u0642\u062f\u0651\u0631":"\u062f\u0642\u064a\u0642\u0629 \u0648\u0627\u062d\u062f\u0629"},"schema":{"@context":"https:\/\/schema.org","@graph":[{"@type":"WebPage","@id":"https:\/\/docteurs-chez-vous.fr\/service-et-prestation\/","url":"https:\/\/docteurs-chez-vous.fr\/service-et-prestation\/","name":"Service Et Prestation - Docteur Chez Vous","isPartOf":{"@id":"https:\/\/docteurs-chez-vous.fr\/#website"},"primaryImageOfPage":{"@id":"https:\/\/docteurs-chez-vous.fr\/service-et-prestation\/#primaryimage"},"image":{"@id":"https:\/\/docteurs-chez-vous.fr\/service-et-prestation\/#primaryimage"},"thumbnailUrl":"https:\/\/docteurs-chez-vous.fr\/wp-content\/uploads\/2023\/07\/service-et-prestation-0.jpg","datePublished":"2023-07-15T18:17:16+00:00","dateModified":"2023-07-19T17:07:06+00:00","breadcrumb":{"@id":"https:\/\/docteurs-chez-vous.fr\/service-et-prestation\/#breadcrumb"},"inLanguage":"ar","potentialAction":[{"@type":"ReadAction","target":["https:\/\/docteurs-chez-vous.fr\/service-et-prestation\/"]}]},{"@type":"ImageObject","inLanguage":"ar","@id":"https:\/\/docteurs-chez-vous.fr\/service-et-prestation\/#primaryimage","url":"https:\/\/docteurs-chez-vous.fr\/wp-content\/uploads\/2023\/07\/service-et-prestation-0.jpg","contentUrl":"https:\/\/docteurs-chez-vous.fr\/wp-content\/uploads\/2023\/07\/service-et-prestation-0.jpg"},{"@type":"BreadcrumbList","@id":"https:\/\/docteurs-chez-vous.fr\/service-et-prestation\/#breadcrumb","itemListElement":[{"@type":"ListItem","position":1,"name":"Home","item":"https:\/\/docteurs-chez-vous.fr\/"},{"@type":"ListItem","position":2,"name":"Service Et Prestation"}]},{"@type":"WebSite","@id":"https:\/\/docteurs-chez-vous.fr\/#website","url":"https:\/\/docteurs-chez-vous.fr\/","name":"Docteur Chez Vous","description":"","publisher":{"@id":"https:\/\/docteurs-chez-vous.fr\/#organization"},"alternateName":"Docteur Chez Vous","potentialAction":[{"@type":"SearchAction","target":{"@type":"EntryPoint","urlTemplate":"https:\/\/docteurs-chez-vous.fr\/?s={search_term_string}"},"query-input":{"@type":"PropertyValueSpecification","valueRequired":true,"valueName":"search_term_string"}}],"inLanguage":"ar"},{"@type":"Organization","@id":"https:\/\/docteurs-chez-vous.fr\/#organization","name":"Docteur Chez Vous","alternateName":"Docteur Chez Vous","url":"https:\/\/docteurs-chez-vous.fr\/","logo":{"@type":"ImageObject","inLanguage":"ar","@id":"https:\/\/docteurs-chez-vous.fr\/#\/schema\/logo\/image\/","url":"https:\/\/docteurs-chez-vous.fr\/wp-content\/uploads\/2023\/07\/logo.png","contentUrl":"https:\/\/docteurs-chez-vous.fr\/wp-content\/uploads\/2023\/07\/logo.png","width":1600,"height":1600,"caption":"Docteur Chez Vous"},"image":{"@id":"https:\/\/docteurs-chez-vous.fr\/#\/schema\/logo\/image\/"},"sameAs":["https:\/\/web.facebook.com\/profile.php?id=100094756028605"]}]}},"_links":{"self":[{"href":"https:\/\/docteurs-chez-vous.fr\/ar\/wp-json\/wp\/v2\/pages\/2921","targetHints":{"allow":["GET"]}}],"collection":[{"href":"https:\/\/docteurs-chez-vous.fr\/ar\/wp-json\/wp\/v2\/pages"}],"about":[{"href":"https:\/\/docteurs-chez-vous.fr\/ar\/wp-json\/wp\/v2\/types\/page"}],"author":[{"embeddable":true,"href":"https:\/\/docteurs-chez-vous.fr\/ar\/wp-json\/wp\/v2\/users\/5"}],"replies":[{"embeddable":true,"href":"https:\/\/docteurs-chez-vous.fr\/ar\/wp-json\/wp\/v2\/comments?post=2921"}],"version-history":[{"count":0,"href":"https:\/\/docteurs-chez-vous.fr\/ar\/wp-json\/wp\/v2\/pages\/2921\/revisions"}],"wp:attachment":[{"href":"https:\/\/docteurs-chez-vous.fr\/ar\/wp-json\/wp\/v2\/media?parent=2921"}],"curies":[{"name":"wp","href":"https:\/\/api.w.org\/{rel}","templated":true}]}}