{"id":2917,"date":"2023-07-15T18:16:41","date_gmt":"2023-07-15T18:16:41","guid":{"rendered":"https:\/\/docteurs-chez-vous.fr\/?page_id=2917"},"modified":"2023-07-18T01:16:04","modified_gmt":"2023-07-18T01:16:04","slug":"hospitalisation","status":"publish","type":"page","link":"https:\/\/docteurs-chez-vous.fr\/ar\/hospitalisation\/","title":{"rendered":"Hospitalisation"},"content":{"rendered":"<div data-elementor-type=\"wp-page\" data-elementor-id=\"2917\" class=\"elementor elementor-2917\">\n\t\t\t\t\t\t<section class=\"elementor-section elementor-top-section elementor-element elementor-element-25eeb184 elementor-section-content-middle elementor-hidden-tablet elementor-section-boxed elementor-section-height-default elementor-section-height-default\" data-id=\"25eeb184\" data-element_type=\"section\" data-e-type=\"section\">\n\t\t\t\t\t\t<div class=\"elementor-container elementor-column-gap-default\">\n\t\t\t\t\t<div class=\"elementor-column elementor-col-50 elementor-top-column elementor-element elementor-element-3639debd\" data-id=\"3639debd\" data-element_type=\"column\" data-e-type=\"column\">\n\t\t\t<div class=\"elementor-widget-wrap elementor-element-populated\">\n\t\t\t\t\t\t<div class=\"elementor-element elementor-element-62eb2646 elementor-widget elementor-widget-image\" data-id=\"62eb2646\" data-element_type=\"widget\" data-e-type=\"widget\" data-widget_type=\"image.default\">\n\t\t\t\t<div class=\"elementor-widget-container\">\n\t\t\t\t\t\t\t\t\t\t\t\t\t\t\t<img fetchpriority=\"high\" decoding=\"async\" width=\"1024\" height=\"576\" src=\"https:\/\/docteurs-chez-vous.fr\/wp-content\/uploads\/2023\/07\/hospitalisation-domicile--1024x576.jpg\" class=\"attachment-large size-large wp-image-2962\" alt=\"\" srcset=\"https:\/\/docteurs-chez-vous.fr\/wp-content\/uploads\/2023\/07\/hospitalisation-domicile--1024x576.jpg 1024w, https:\/\/docteurs-chez-vous.fr\/wp-content\/uploads\/2023\/07\/hospitalisation-domicile--300x169.jpg 300w, https:\/\/docteurs-chez-vous.fr\/wp-content\/uploads\/2023\/07\/hospitalisation-domicile--768x432.jpg 768w, https:\/\/docteurs-chez-vous.fr\/wp-content\/uploads\/2023\/07\/hospitalisation-domicile--18x10.jpg 18w, https:\/\/docteurs-chez-vous.fr\/wp-content\/uploads\/2023\/07\/hospitalisation-domicile--800x450.jpg 800w, https:\/\/docteurs-chez-vous.fr\/wp-content\/uploads\/2023\/07\/hospitalisation-domicile-.jpg 1200w\" sizes=\"(max-width: 1024px) 100vw, 1024px\" \/>\t\t\t\t\t\t\t\t\t\t\t\t\t\t\t<\/div>\n\t\t\t\t<\/div>\n\t\t\t\t\t<\/div>\n\t\t<\/div>\n\t\t\t\t<div class=\"elementor-column elementor-col-50 elementor-top-column elementor-element elementor-element-486effce\" data-id=\"486effce\" data-element_type=\"column\" data-e-type=\"column\">\n\t\t\t<div class=\"elementor-widget-wrap elementor-element-populated\">\n\t\t\t\t\t\t<div class=\"elementor-element elementor-element-4511dfa1 elementor-hidden-mobile elementor-widget elementor-widget-heading\" data-id=\"4511dfa1\" data-element_type=\"widget\" data-e-type=\"widget\" data-widget_type=\"heading.default\">\n\t\t\t\t<div class=\"elementor-widget-container\">\n\t\t\t\t\t<h1 class=\"elementor-heading-title elementor-size-large\">\u0627\u0644\u0625\u0633\u062a\u0634\u0641\u0627\u0621 \u0627\u0644\u0645\u0646\u0632\u0644\u064a \u0627\u0644\u062e\u0627\u0635<\/h1>\t\t\t\t<\/div>\n\t\t\t\t<\/div>\n\t\t\t\t<div class=\"elementor-element elementor-element-35387ba9 elementor-hidden-desktop elementor-hidden-tablet elementor-widget elementor-widget-heading\" data-id=\"35387ba9\" data-element_type=\"widget\" data-e-type=\"widget\" data-widget_type=\"heading.default\">\n\t\t\t\t<div class=\"elementor-widget-container\">\n\t\t\t\t\t<h1 class=\"elementor-heading-title elementor-size-large\">\u0627\u0644\u0625\u0633\u062a\u0634\u0641\u0627\u0621 \u0627\u0644\u0645\u0646\u0632\u0644\u064a \u0627\u0644\u062e\u0627\u0635<\/h1>\t\t\t\t<\/div>\n\t\t\t\t<\/div>\n\t\t\t\t<div class=\"elementor-element elementor-element-4158f538 elementor-widget-divider--view-line elementor-widget elementor-widget-divider\" data-id=\"4158f538\" data-element_type=\"widget\" data-e-type=\"widget\" data-widget_type=\"divider.default\">\n\t\t\t\t<div class=\"elementor-widget-container\">\n\t\t\t\t\t\t\t<div class=\"elementor-divider\">\n\t\t\t<span class=\"elementor-divider-separator\">\n\t\t\t\t\t\t<\/span>\n\t\t<\/div>\n\t\t\t\t\t\t<\/div>\n\t\t\t\t<\/div>\n\t\t\t\t<div class=\"elementor-element elementor-element-f243165 elementor-widget elementor-widget-text-editor\" data-id=\"f243165\" data-element_type=\"widget\" data-e-type=\"widget\" data-widget_type=\"text-editor.default\">\n\t\t\t\t<div class=\"elementor-widget-container\">\n\t\t\t\t\t\t\t\t\t<p>\u0639\u0632\u064a\u0632\u064a \u0627\u0644\u0645\u0631\u064a\u0636<br \/>\u064a\u0633\u0639\u062f\u0646\u0627 \u0623\u0646 \u0646\u0639\u0644\u0646 \u0644\u0643 \u0623\u0646\u0646\u0627 \u0627\u0644\u0622\u0646 \u0646\u0642\u062f\u0645 \u062e\u062f\u0645\u0627\u062a \u0627\u0644\u0627\u0633\u062a\u0634\u0641\u0627\u0621 \u0627\u0644\u0645\u0646\u0632\u0644\u064a. \u0625\u0630\u0627 \u0643\u0646\u062a \u0628\u062d\u0627\u062c\u0629 \u0625\u0644\u0649 \u0631\u0639\u0627\u064a\u0629 \u0637\u0628\u064a\u0629 \u0648\u0631\u0627\u062d\u0629 \u0625\u0636\u0627\u0641\u064a\u0629 \u0628\u0639\u064a\u062f\u064b\u0627 \u0639\u0646 \u0627\u0644\u0645\u0633\u062a\u0634\u0641\u0649\u060c \u0641\u0641\u0631\u064a\u0642\u0646\u0627 \u0627\u0644\u0645\u062a\u062e\u0635\u0635 \u0633\u064a\u0632\u0648\u0631\u0643 \u0641\u064a \u0645\u0646\u0632\u0644\u0643 \u0644\u062a\u0642\u062f\u064a\u0645 \u0627\u0644\u0631\u0639\u0627\u064a\u0629 \u0627\u0644\u0635\u062d\u064a\u0629 \u0627\u0644\u0644\u0627\u0632\u0645\u0629. \u0633\u062a\u062a\u0645\u062a\u0639 \u0628\u0627\u0644\u0627\u0633\u062a\u0634\u0641\u0627\u0621 \u0641\u064a \u0628\u064a\u0626\u0629 \u0645\u0646\u0632\u0644\u064a\u0629 \u0645\u0623\u0644\u0648\u0641\u0629 \u0648\u0633\u0637 \u062f\u0639\u0645\u0646\u0627 \u0627\u0644\u0637\u0628\u064a \u0627\u0644\u0645\u062a\u0645\u064a\u0632. \u0642\u0645 \u0628\u0627\u0644\u0627\u062a\u0635\u0627\u0644 \u0628\u0646\u0627 \u0627\u0644\u0622\u0646 \u0644\u0644\u062d\u0635\u0648\u0644 \u0639\u0644\u0649 \u0645\u0632\u064a\u062f \u0645\u0646 \u0627\u0644\u0645\u0639\u0644\u0648\u0645\u0627\u062a \u0648\u062a\u0631\u062a\u064a\u0628 \u062e\u062f\u0645\u0629 \u0627\u0644\u0627\u0633\u062a\u0634\u0641\u0627\u0621 \u0627\u0644\u0645\u0646\u0632\u0644\u064a<\/p>\t\t\t\t\t\t\t\t<\/div>\n\t\t\t\t<\/div>\n\t\t\t\t\t<\/div>\n\t\t<\/div>\n\t\t\t\t\t<\/div>\n\t\t<\/section>\n\t\t\t\t<section class=\"elementor-section elementor-top-section elementor-element elementor-element-671b5118 elementor-hidden-desktop elementor-hidden-mobile elementor-section-boxed elementor-section-height-default elementor-section-height-default\" data-id=\"671b5118\" data-element_type=\"section\" data-e-type=\"section\">\n\t\t\t\t\t\t<div class=\"elementor-container elementor-column-gap-default\">\n\t\t\t\t\t<div class=\"elementor-column elementor-col-50 elementor-top-column elementor-element elementor-element-76b16fe\" data-id=\"76b16fe\" data-element_type=\"column\" data-e-type=\"column\">\n\t\t\t<div class=\"elementor-widget-wrap elementor-element-populated\">\n\t\t\t\t\t\t<div class=\"elementor-element elementor-element-2a0627d1 elementor-hidden-mobile elementor-widget elementor-widget-heading\" data-id=\"2a0627d1\" data-element_type=\"widget\" data-e-type=\"widget\" data-widget_type=\"heading.default\">\n\t\t\t\t<div class=\"elementor-widget-container\">\n\t\t\t\t\t<h1 class=\"elementor-heading-title elementor-size-large\">\u0627\u0644\u0625\u0633\u062a\u0634\u0641\u0627\u0621 \u0627\u0644\u0645\u0646\u0632\u0644\u064a \u0627\u0644\u062e\u0627\u0635<\/h1>\t\t\t\t<\/div>\n\t\t\t\t<\/div>\n\t\t\t\t<div class=\"elementor-element elementor-element-7c038f5a elementor-widget-divider--view-line elementor-widget elementor-widget-divider\" data-id=\"7c038f5a\" data-element_type=\"widget\" data-e-type=\"widget\" data-widget_type=\"divider.default\">\n\t\t\t\t<div class=\"elementor-widget-container\">\n\t\t\t\t\t\t\t<div class=\"elementor-divider\">\n\t\t\t<span class=\"elementor-divider-separator\">\n\t\t\t\t\t\t<\/span>\n\t\t<\/div>\n\t\t\t\t\t\t<\/div>\n\t\t\t\t<\/div>\n\t\t\t\t<div class=\"elementor-element elementor-element-5e41ae70 elementor-widget elementor-widget-text-editor\" data-id=\"5e41ae70\" data-element_type=\"widget\" data-e-type=\"widget\" data-widget_type=\"text-editor.default\">\n\t\t\t\t<div class=\"elementor-widget-container\">\n\t\t\t\t\t\t\t\t\t<p>\u0639\u0632\u064a\u0632\u064a \u0627\u0644\u0645\u0631\u064a\u0636<br \/>\u064a\u0633\u0639\u062f\u0646\u0627 \u0623\u0646 \u0646\u0639\u0644\u0646 \u0644\u0643 \u0623\u0646\u0646\u0627 \u0627\u0644\u0622\u0646 \u0646\u0642\u062f\u0645 \u062e\u062f\u0645\u0627\u062a \u0627\u0644\u0627\u0633\u062a\u0634\u0641\u0627\u0621 \u0627\u0644\u0645\u0646\u0632\u0644\u064a. \u0625\u0630\u0627 \u0643\u0646\u062a \u0628\u062d\u0627\u062c\u0629 \u0625\u0644\u0649 \u0631\u0639\u0627\u064a\u0629 \u0637\u0628\u064a\u0629 \u0648\u0631\u0627\u062d\u0629 \u0625\u0636\u0627\u0641\u064a\u0629 \u0628\u0639\u064a\u062f\u064b\u0627 \u0639\u0646 \u0627\u0644\u0645\u0633\u062a\u0634\u0641\u0649\u060c \u0641\u0641\u0631\u064a\u0642\u0646\u0627 \u0627\u0644\u0645\u062a\u062e\u0635\u0635 \u0633\u064a\u0632\u0648\u0631\u0643 \u0641\u064a \u0645\u0646\u0632\u0644\u0643 \u0644\u062a\u0642\u062f\u064a\u0645 \u0627\u0644\u0631\u0639\u0627\u064a\u0629 \u0627\u0644\u0635\u062d\u064a\u0629 \u0627\u0644\u0644\u0627\u0632\u0645\u0629. \u0633\u062a\u062a\u0645\u062a\u0639 \u0628\u0627\u0644\u0627\u0633\u062a\u0634\u0641\u0627\u0621 \u0641\u064a \u0628\u064a\u0626\u0629 \u0645\u0646\u0632\u0644\u064a\u0629 \u0645\u0623\u0644\u0648\u0641\u0629 \u0648\u0633\u0637 \u062f\u0639\u0645\u0646\u0627 \u0627\u0644\u0637\u0628\u064a \u0627\u0644\u0645\u062a\u0645\u064a\u0632. \u0642\u0645 \u0628\u0627\u0644\u0627\u062a\u0635\u0627\u0644 \u0628\u0646\u0627 \u0627\u0644\u0622\u0646 \u0644\u0644\u062d\u0635\u0648\u0644 \u0639\u0644\u0649 \u0645\u0632\u064a\u062f \u0645\u0646 \u0627\u0644\u0645\u0639\u0644\u0648\u0645\u0627\u062a \u0648\u062a\u0631\u062a\u064a\u0628 \u062e\u062f\u0645\u0629 \u0627\u0644\u0627\u0633\u062a\u0634\u0641\u0627\u0621 \u0627\u0644\u0645\u0646\u0632\u0644\u064a<\/p>\t\t\t\t\t\t\t\t<\/div>\n\t\t\t\t<\/div>\n\t\t\t\t\t<\/div>\n\t\t<\/div>\n\t\t\t\t<div class=\"elementor-column elementor-col-50 elementor-top-column elementor-element elementor-element-7baf0984\" data-id=\"7baf0984\" data-element_type=\"column\" data-e-type=\"column\">\n\t\t\t<div class=\"elementor-widget-wrap elementor-element-populated\">\n\t\t\t\t\t\t<div class=\"elementor-element elementor-element-74f03f2 elementor-widget elementor-widget-image\" data-id=\"74f03f2\" data-element_type=\"widget\" data-e-type=\"widget\" data-widget_type=\"image.default\">\n\t\t\t\t<div class=\"elementor-widget-container\">\n\t\t\t\t\t\t\t\t\t\t\t\t\t\t\t<img fetchpriority=\"high\" decoding=\"async\" width=\"1024\" height=\"576\" src=\"https:\/\/docteurs-chez-vous.fr\/wp-content\/uploads\/2023\/07\/hospitalisation-domicile--1024x576.jpg\" class=\"attachment-large size-large wp-image-2962\" alt=\"\" srcset=\"https:\/\/docteurs-chez-vous.fr\/wp-content\/uploads\/2023\/07\/hospitalisation-domicile--1024x576.jpg 1024w, https:\/\/docteurs-chez-vous.fr\/wp-content\/uploads\/2023\/07\/hospitalisation-domicile--300x169.jpg 300w, https:\/\/docteurs-chez-vous.fr\/wp-content\/uploads\/2023\/07\/hospitalisation-domicile--768x432.jpg 768w, https:\/\/docteurs-chez-vous.fr\/wp-content\/uploads\/2023\/07\/hospitalisation-domicile--18x10.jpg 18w, https:\/\/docteurs-chez-vous.fr\/wp-content\/uploads\/2023\/07\/hospitalisation-domicile--800x450.jpg 800w, https:\/\/docteurs-chez-vous.fr\/wp-content\/uploads\/2023\/07\/hospitalisation-domicile-.jpg 1200w\" sizes=\"(max-width: 1024px) 100vw, 1024px\" \/>\t\t\t\t\t\t\t\t\t\t\t\t\t\t\t<\/div>\n\t\t\t\t<\/div>\n\t\t\t\t\t<\/div>\n\t\t<\/div>\n\t\t\t\t\t<\/div>\n\t\t<\/section>\n\t\t\t\t<\/div>","protected":false},"excerpt":{"rendered":"<p>Hospitalisation \u00c0 Domicile Hospitalisation \u00c0 Domicile Cher patientNous sommes ravis de vous informer que nous proposons d\u00e9sormais des services d&rsquo;hospitalisation \u00e0 domicile. Si votre \u00e9tat de sant\u00e9 n\u00e9cessite une surveillance \u00e9troite, des soins m\u00e9dicaux et une assistance continue, notre \u00e9quipe m\u00e9dicale qualifi\u00e9e se rendra chez vous pour vous offrir les soins hospitaliers dont vous avez [&hellip;]<\/p>\n","protected":false},"author":5,"featured_media":0,"parent":0,"menu_order":0,"comment_status":"closed","ping_status":"closed","template":"","meta":{"ocean_post_layout":"","ocean_both_sidebars_style":"","ocean_both_sidebars_content_width":0,"ocean_both_sidebars_sidebars_width":0,"ocean_sidebar":"0","ocean_second_sidebar":"0","ocean_disable_margins":"enable","ocean_add_body_class":"","ocean_shortcode_before_top_bar":"","ocean_shortcode_after_top_bar":"","ocean_shortcode_before_header":"","ocean_shortcode_after_header":"","ocean_has_shortcode":"","ocean_shortcode_after_title":"","ocean_shortcode_before_footer_widgets":"","ocean_shortcode_after_footer_widgets":"","ocean_shortcode_before_footer_bottom":"","ocean_shortcode_after_footer_bottom":"","ocean_display_top_bar":"default","ocean_display_header":"default","ocean_header_style":"","ocean_center_header_left_menu":"0","ocean_custom_header_template":"0","ocean_custom_logo":0,"ocean_custom_retina_logo":0,"ocean_custom_logo_max_width":0,"ocean_custom_logo_tablet_max_width":0,"ocean_custom_logo_mobile_max_width":0,"ocean_custom_logo_max_height":0,"ocean_custom_logo_tablet_max_height":0,"ocean_custom_logo_mobile_max_height":0,"ocean_header_custom_menu":"0","ocean_menu_typo_font_family":"0","ocean_menu_typo_font_subset":"","ocean_menu_typo_font_size":0,"ocean_menu_typo_font_size_tablet":0,"ocean_menu_typo_font_size_mobile":0,"ocean_menu_typo_font_size_unit":"px","ocean_menu_typo_font_weight":"","ocean_menu_typo_font_weight_tablet":"","ocean_menu_typo_font_weight_mobile":"","ocean_menu_typo_transform":"","ocean_menu_typo_transform_tablet":"","ocean_menu_typo_transform_mobile":"","ocean_menu_typo_line_height":0,"ocean_menu_typo_line_height_tablet":0,"ocean_menu_typo_line_height_mobile":0,"ocean_menu_typo_line_height_unit":"","ocean_menu_typo_spacing":0,"ocean_menu_typo_spacing_tablet":0,"ocean_menu_typo_spacing_mobile":0,"ocean_menu_typo_spacing_unit":"","ocean_menu_link_color":"","ocean_menu_link_color_hover":"","ocean_menu_link_color_active":"","ocean_menu_link_background":"","ocean_menu_link_hover_background":"","ocean_menu_link_active_background":"","ocean_menu_social_links_bg":"","ocean_menu_social_hover_links_bg":"","ocean_menu_social_links_color":"","ocean_menu_social_hover_links_color":"","ocean_disable_title":"default","ocean_disable_heading":"default","ocean_post_title":"","ocean_post_subheading":"","ocean_post_title_style":"","ocean_post_title_background_color":"","ocean_post_title_background":0,"ocean_post_title_bg_image_position":"","ocean_post_title_bg_image_attachment":"","ocean_post_title_bg_image_repeat":"","ocean_post_title_bg_image_size":"","ocean_post_title_height":0,"ocean_post_title_bg_overlay":0.5,"ocean_post_title_bg_overlay_color":"","ocean_disable_breadcrumbs":"default","ocean_breadcrumbs_color":"","ocean_breadcrumbs_separator_color":"","ocean_breadcrumbs_links_color":"","ocean_breadcrumbs_links_hover_color":"","ocean_display_footer_widgets":"default","ocean_display_footer_bottom":"default","ocean_custom_footer_template":"0","footnotes":""},"class_list":["post-2917","page","type-page","status-publish","hentry","entry"],"yoast_head":"<!-- This site is optimized with the Yoast SEO plugin v27.6 - https:\/\/yoast.com\/product\/yoast-seo-wordpress\/ -->\n<title>Hospitalisation - Docteur Chez Vous<\/title>\n<meta name=\"robots\" content=\"index, follow, max-snippet:-1, max-image-preview:large, max-video-preview:-1\" \/>\n<link rel=\"canonical\" href=\"https:\/\/docteurs-chez-vous.fr\/ar\/hospitalisation\/\" \/>\n<meta property=\"og:locale\" content=\"ar_AR\" \/>\n<meta property=\"og:type\" content=\"article\" \/>\n<meta property=\"og:title\" content=\"Hospitalisation - Docteur Chez Vous\" \/>\n<meta property=\"og:description\" content=\"Hospitalisation \u00c0 Domicile Hospitalisation \u00c0 Domicile Cher patientNous sommes ravis de vous informer que nous proposons d\u00e9sormais des services d&rsquo;hospitalisation \u00e0 domicile. Si votre \u00e9tat de sant\u00e9 n\u00e9cessite une surveillance \u00e9troite, des soins m\u00e9dicaux et une assistance continue, notre \u00e9quipe m\u00e9dicale qualifi\u00e9e se rendra chez vous pour vous offrir les soins hospitaliers dont vous avez [&hellip;]\" \/>\n<meta property=\"og:url\" content=\"https:\/\/docteurs-chez-vous.fr\/ar\/hospitalisation\/\" \/>\n<meta property=\"og:site_name\" content=\"Docteur Chez Vous\" \/>\n<meta property=\"article:publisher\" content=\"https:\/\/web.facebook.com\/profile.php?id=100094756028605\" \/>\n<meta property=\"article:modified_time\" content=\"2023-07-18T01:16:04+00:00\" \/>\n<meta property=\"og:image\" content=\"https:\/\/docteurs-chez-vous.fr\/wp-content\/uploads\/2023\/07\/hospitalisation-domicile--1024x576.jpg\" \/>\n<meta name=\"twitter:card\" content=\"summary_large_image\" \/>\n<meta name=\"twitter:label1\" content=\"\u0648\u0642\u062a \u0627\u0644\u0642\u0631\u0627\u0621\u0629 \u0627\u0644\u0645\u064f\u0642\u062f\u0651\u0631\" \/>\n\t<meta name=\"twitter:data1\" content=\"\u062f\u0642\u064a\u0642\u062a\u0627\u0646\" \/>\n<script type=\"application\/ld+json\" class=\"yoast-schema-graph\">{\"@context\":\"https:\\\/\\\/schema.org\",\"@graph\":[{\"@type\":\"WebPage\",\"@id\":\"https:\\\/\\\/docteurs-chez-vous.fr\\\/hospitalisation\\\/\",\"url\":\"https:\\\/\\\/docteurs-chez-vous.fr\\\/hospitalisation\\\/\",\"name\":\"Hospitalisation - Docteur Chez Vous\",\"isPartOf\":{\"@id\":\"https:\\\/\\\/docteurs-chez-vous.fr\\\/#website\"},\"primaryImageOfPage\":{\"@id\":\"https:\\\/\\\/docteurs-chez-vous.fr\\\/hospitalisation\\\/#primaryimage\"},\"image\":{\"@id\":\"https:\\\/\\\/docteurs-chez-vous.fr\\\/hospitalisation\\\/#primaryimage\"},\"thumbnailUrl\":\"https:\\\/\\\/docteurs-chez-vous.fr\\\/wp-content\\\/uploads\\\/2023\\\/07\\\/hospitalisation-domicile--1024x576.jpg\",\"datePublished\":\"2023-07-15T18:16:41+00:00\",\"dateModified\":\"2023-07-18T01:16:04+00:00\",\"breadcrumb\":{\"@id\":\"https:\\\/\\\/docteurs-chez-vous.fr\\\/hospitalisation\\\/#breadcrumb\"},\"inLanguage\":\"ar\",\"potentialAction\":[{\"@type\":\"ReadAction\",\"target\":[\"https:\\\/\\\/docteurs-chez-vous.fr\\\/hospitalisation\\\/\"]}]},{\"@type\":\"ImageObject\",\"inLanguage\":\"ar\",\"@id\":\"https:\\\/\\\/docteurs-chez-vous.fr\\\/hospitalisation\\\/#primaryimage\",\"url\":\"https:\\\/\\\/docteurs-chez-vous.fr\\\/wp-content\\\/uploads\\\/2023\\\/07\\\/hospitalisation-domicile--1024x576.jpg\",\"contentUrl\":\"https:\\\/\\\/docteurs-chez-vous.fr\\\/wp-content\\\/uploads\\\/2023\\\/07\\\/hospitalisation-domicile--1024x576.jpg\"},{\"@type\":\"BreadcrumbList\",\"@id\":\"https:\\\/\\\/docteurs-chez-vous.fr\\\/hospitalisation\\\/#breadcrumb\",\"itemListElement\":[{\"@type\":\"ListItem\",\"position\":1,\"name\":\"Home\",\"item\":\"https:\\\/\\\/docteurs-chez-vous.fr\\\/\"},{\"@type\":\"ListItem\",\"position\":2,\"name\":\"Hospitalisation\"}]},{\"@type\":\"WebSite\",\"@id\":\"https:\\\/\\\/docteurs-chez-vous.fr\\\/#website\",\"url\":\"https:\\\/\\\/docteurs-chez-vous.fr\\\/\",\"name\":\"Docteur Chez Vous\",\"description\":\"\",\"publisher\":{\"@id\":\"https:\\\/\\\/docteurs-chez-vous.fr\\\/#organization\"},\"alternateName\":\"Docteur Chez Vous\",\"potentialAction\":[{\"@type\":\"SearchAction\",\"target\":{\"@type\":\"EntryPoint\",\"urlTemplate\":\"https:\\\/\\\/docteurs-chez-vous.fr\\\/?s={search_term_string}\"},\"query-input\":{\"@type\":\"PropertyValueSpecification\",\"valueRequired\":true,\"valueName\":\"search_term_string\"}}],\"inLanguage\":\"ar\"},{\"@type\":\"Organization\",\"@id\":\"https:\\\/\\\/docteurs-chez-vous.fr\\\/#organization\",\"name\":\"Docteur Chez Vous\",\"alternateName\":\"Docteur Chez Vous\",\"url\":\"https:\\\/\\\/docteurs-chez-vous.fr\\\/\",\"logo\":{\"@type\":\"ImageObject\",\"inLanguage\":\"ar\",\"@id\":\"https:\\\/\\\/docteurs-chez-vous.fr\\\/#\\\/schema\\\/logo\\\/image\\\/\",\"url\":\"https:\\\/\\\/docteurs-chez-vous.fr\\\/wp-content\\\/uploads\\\/2023\\\/07\\\/logo.png\",\"contentUrl\":\"https:\\\/\\\/docteurs-chez-vous.fr\\\/wp-content\\\/uploads\\\/2023\\\/07\\\/logo.png\",\"width\":1600,\"height\":1600,\"caption\":\"Docteur Chez Vous\"},\"image\":{\"@id\":\"https:\\\/\\\/docteurs-chez-vous.fr\\\/#\\\/schema\\\/logo\\\/image\\\/\"},\"sameAs\":[\"https:\\\/\\\/web.facebook.com\\\/profile.php?id=100094756028605\"]}]}<\/script>\n<!-- \/ Yoast SEO plugin. -->","yoast_head_json":{"title":"Hospitalisation - Docteur Chez Vous","robots":{"index":"index","follow":"follow","max-snippet":"max-snippet:-1","max-image-preview":"max-image-preview:large","max-video-preview":"max-video-preview:-1"},"canonical":"https:\/\/docteurs-chez-vous.fr\/ar\/hospitalisation\/","og_locale":"ar_AR","og_type":"article","og_title":"Hospitalisation - Docteur Chez Vous","og_description":"Hospitalisation \u00c0 Domicile Hospitalisation \u00c0 Domicile Cher patientNous sommes ravis de vous informer que nous proposons d\u00e9sormais des services d&rsquo;hospitalisation \u00e0 domicile. Si votre \u00e9tat de sant\u00e9 n\u00e9cessite une surveillance \u00e9troite, des soins m\u00e9dicaux et une assistance continue, notre \u00e9quipe m\u00e9dicale qualifi\u00e9e se rendra chez vous pour vous offrir les soins hospitaliers dont vous avez [&hellip;]","og_url":"https:\/\/docteurs-chez-vous.fr\/ar\/hospitalisation\/","og_site_name":"Docteur Chez Vous","article_publisher":"https:\/\/web.facebook.com\/profile.php?id=100094756028605","article_modified_time":"2023-07-18T01:16:04+00:00","og_image":[{"url":"https:\/\/docteurs-chez-vous.fr\/wp-content\/uploads\/2023\/07\/hospitalisation-domicile--1024x576.jpg","type":"","width":"","height":""}],"twitter_card":"summary_large_image","twitter_misc":{"\u0648\u0642\u062a \u0627\u0644\u0642\u0631\u0627\u0621\u0629 \u0627\u0644\u0645\u064f\u0642\u062f\u0651\u0631":"\u062f\u0642\u064a\u0642\u062a\u0627\u0646"},"schema":{"@context":"https:\/\/schema.org","@graph":[{"@type":"WebPage","@id":"https:\/\/docteurs-chez-vous.fr\/hospitalisation\/","url":"https:\/\/docteurs-chez-vous.fr\/hospitalisation\/","name":"Hospitalisation - Docteur Chez Vous","isPartOf":{"@id":"https:\/\/docteurs-chez-vous.fr\/#website"},"primaryImageOfPage":{"@id":"https:\/\/docteurs-chez-vous.fr\/hospitalisation\/#primaryimage"},"image":{"@id":"https:\/\/docteurs-chez-vous.fr\/hospitalisation\/#primaryimage"},"thumbnailUrl":"https:\/\/docteurs-chez-vous.fr\/wp-content\/uploads\/2023\/07\/hospitalisation-domicile--1024x576.jpg","datePublished":"2023-07-15T18:16:41+00:00","dateModified":"2023-07-18T01:16:04+00:00","breadcrumb":{"@id":"https:\/\/docteurs-chez-vous.fr\/hospitalisation\/#breadcrumb"},"inLanguage":"ar","potentialAction":[{"@type":"ReadAction","target":["https:\/\/docteurs-chez-vous.fr\/hospitalisation\/"]}]},{"@type":"ImageObject","inLanguage":"ar","@id":"https:\/\/docteurs-chez-vous.fr\/hospitalisation\/#primaryimage","url":"https:\/\/docteurs-chez-vous.fr\/wp-content\/uploads\/2023\/07\/hospitalisation-domicile--1024x576.jpg","contentUrl":"https:\/\/docteurs-chez-vous.fr\/wp-content\/uploads\/2023\/07\/hospitalisation-domicile--1024x576.jpg"},{"@type":"BreadcrumbList","@id":"https:\/\/docteurs-chez-vous.fr\/hospitalisation\/#breadcrumb","itemListElement":[{"@type":"ListItem","position":1,"name":"Home","item":"https:\/\/docteurs-chez-vous.fr\/"},{"@type":"ListItem","position":2,"name":"Hospitalisation"}]},{"@type":"WebSite","@id":"https:\/\/docteurs-chez-vous.fr\/#website","url":"https:\/\/docteurs-chez-vous.fr\/","name":"Docteur Chez Vous","description":"","publisher":{"@id":"https:\/\/docteurs-chez-vous.fr\/#organization"},"alternateName":"Docteur Chez Vous","potentialAction":[{"@type":"SearchAction","target":{"@type":"EntryPoint","urlTemplate":"https:\/\/docteurs-chez-vous.fr\/?s={search_term_string}"},"query-input":{"@type":"PropertyValueSpecification","valueRequired":true,"valueName":"search_term_string"}}],"inLanguage":"ar"},{"@type":"Organization","@id":"https:\/\/docteurs-chez-vous.fr\/#organization","name":"Docteur Chez Vous","alternateName":"Docteur Chez Vous","url":"https:\/\/docteurs-chez-vous.fr\/","logo":{"@type":"ImageObject","inLanguage":"ar","@id":"https:\/\/docteurs-chez-vous.fr\/#\/schema\/logo\/image\/","url":"https:\/\/docteurs-chez-vous.fr\/wp-content\/uploads\/2023\/07\/logo.png","contentUrl":"https:\/\/docteurs-chez-vous.fr\/wp-content\/uploads\/2023\/07\/logo.png","width":1600,"height":1600,"caption":"Docteur Chez Vous"},"image":{"@id":"https:\/\/docteurs-chez-vous.fr\/#\/schema\/logo\/image\/"},"sameAs":["https:\/\/web.facebook.com\/profile.php?id=100094756028605"]}]}},"_links":{"self":[{"href":"https:\/\/docteurs-chez-vous.fr\/ar\/wp-json\/wp\/v2\/pages\/2917","targetHints":{"allow":["GET"]}}],"collection":[{"href":"https:\/\/docteurs-chez-vous.fr\/ar\/wp-json\/wp\/v2\/pages"}],"about":[{"href":"https:\/\/docteurs-chez-vous.fr\/ar\/wp-json\/wp\/v2\/types\/page"}],"author":[{"embeddable":true,"href":"https:\/\/docteurs-chez-vous.fr\/ar\/wp-json\/wp\/v2\/users\/5"}],"replies":[{"embeddable":true,"href":"https:\/\/docteurs-chez-vous.fr\/ar\/wp-json\/wp\/v2\/comments?post=2917"}],"version-history":[{"count":0,"href":"https:\/\/docteurs-chez-vous.fr\/ar\/wp-json\/wp\/v2\/pages\/2917\/revisions"}],"wp:attachment":[{"href":"https:\/\/docteurs-chez-vous.fr\/ar\/wp-json\/wp\/v2\/media?parent=2917"}],"curies":[{"name":"wp","href":"https:\/\/api.w.org\/{rel}","templated":true}]}}